{"id":406,"date":"2026-01-27T19:18:18","date_gmt":"2026-01-28T01:18:18","guid":{"rendered":"https:\/\/eradelamujer.org\/?page_id=406"},"modified":"2026-01-28T09:43:11","modified_gmt":"2026-01-28T15:43:11","slug":"2025-10-18-%e3%83%af%e3%83%bc%e3%82%af%e3%82%b7%e3%83%a7%e3%83%83%e3%83%97","status":"publish","type":"page","link":"https:\/\/eradelamujer.org\/?page_id=406","title":{"rendered":"2025.10.18 El Taller Guadalupe"},"content":{"rendered":"\n<p>El S\u00e1bado 18 de octubre, en el Cant\u00f3n de Goicoechea, Guadalupe, realizamos el \u00faltimo Taller &#8220;Conociendo y Gestionando nuestras emociones&#8221;.<\/p>\n\n\n\n<p>Agradecemos a WFWP-Jap\u00f3n por su apoyo durante este mes de octubre para realizar esta gira por diferentes comunidades de Costa Rica.<\/p>\n\n\n\n<figure class=\"wp-block-gallery has-nested-images columns-default is-cropped wp-block-gallery-1 is-layout-flex wp-block-gallery-is-layout-flex\">\n<figure class=\"wp-block-image size-large\"><img loading=\"lazy\" decoding=\"async\" width=\"590\" height=\"443\" data-id=\"415\" src=\"https:\/\/eradelamujer.org\/wp-content\/uploads\/2026\/01\/002-3.jpg\" alt=\"\" class=\"wp-image-415\" srcset=\"https:\/\/eradelamujer.org\/wp-content\/uploads\/2026\/01\/002-3.jpg 590w, https:\/\/eradelamujer.org\/wp-content\/uploads\/2026\/01\/002-3-300x225.jpg 300w\" sizes=\"auto, (max-width: 590px) 100vw, 590px\" \/><\/figure>\n\n\n\n<figure class=\"wp-block-image size-large\"><img loading=\"lazy\" decoding=\"async\" width=\"1024\" height=\"768\" data-id=\"417\" src=\"https:\/\/eradelamujer.org\/wp-content\/uploads\/2026\/01\/003-1-1024x768.jpg\" alt=\"\" class=\"wp-image-417\" srcset=\"https:\/\/eradelamujer.org\/wp-content\/uploads\/2026\/01\/003-1-1024x768.jpg 1024w, https:\/\/eradelamujer.org\/wp-content\/uploads\/2026\/01\/003-1-300x225.jpg 300w, https:\/\/eradelamujer.org\/wp-content\/uploads\/2026\/01\/003-1-768x576.jpg 768w, https:\/\/eradelamujer.org\/wp-content\/uploads\/2026\/01\/003-1-1536x1152.jpg 1536w, https:\/\/eradelamujer.org\/wp-content\/uploads\/2026\/01\/003-1.jpg 1600w\" sizes=\"auto, (max-width: 1024px) 100vw, 1024px\" \/><\/figure>\n\n\n\n<figure class=\"wp-block-image size-large\"><img loading=\"lazy\" decoding=\"async\" width=\"1024\" height=\"768\" data-id=\"416\" src=\"https:\/\/eradelamujer.org\/wp-content\/uploads\/2026\/01\/004-1-1024x768.jpg\" alt=\"\" class=\"wp-image-416\" srcset=\"https:\/\/eradelamujer.org\/wp-content\/uploads\/2026\/01\/004-1-1024x768.jpg 1024w, https:\/\/eradelamujer.org\/wp-content\/uploads\/2026\/01\/004-1-300x225.jpg 300w, https:\/\/eradelamujer.org\/wp-content\/uploads\/2026\/01\/004-1-768x576.jpg 768w, https:\/\/eradelamujer.org\/wp-content\/uploads\/2026\/01\/004-1-1536x1152.jpg 1536w, https:\/\/eradelamujer.org\/wp-content\/uploads\/2026\/01\/004-1.jpg 1600w\" sizes=\"auto, (max-width: 1024px) 100vw, 1024px\" \/><\/figure>\n\n\n\n<figure class=\"wp-block-image size-large\"><img loading=\"lazy\" decoding=\"async\" width=\"1024\" height=\"768\" data-id=\"422\" src=\"https:\/\/eradelamujer.org\/wp-content\/uploads\/2026\/01\/005-1-1024x768.jpg\" alt=\"\" class=\"wp-image-422\" srcset=\"https:\/\/eradelamujer.org\/wp-content\/uploads\/2026\/01\/005-1-1024x768.jpg 1024w, https:\/\/eradelamujer.org\/wp-content\/uploads\/2026\/01\/005-1-300x225.jpg 300w, https:\/\/eradelamujer.org\/wp-content\/uploads\/2026\/01\/005-1-768x576.jpg 768w, https:\/\/eradelamujer.org\/wp-content\/uploads\/2026\/01\/005-1-1536x1152.jpg 1536w, https:\/\/eradelamujer.org\/wp-content\/uploads\/2026\/01\/005-1.jpg 1600w\" sizes=\"auto, (max-width: 1024px) 100vw, 1024px\" \/><\/figure>\n\n\n\n<figure class=\"wp-block-image size-large\"><img loading=\"lazy\" decoding=\"async\" width=\"1024\" height=\"617\" data-id=\"420\" src=\"https:\/\/eradelamujer.org\/wp-content\/uploads\/2026\/01\/06-1024x617.jpg\" alt=\"\" class=\"wp-image-420\" srcset=\"https:\/\/eradelamujer.org\/wp-content\/uploads\/2026\/01\/06-1024x617.jpg 1024w, https:\/\/eradelamujer.org\/wp-content\/uploads\/2026\/01\/06-300x181.jpg 300w, https:\/\/eradelamujer.org\/wp-content\/uploads\/2026\/01\/06-768x463.jpg 768w, https:\/\/eradelamujer.org\/wp-content\/uploads\/2026\/01\/06-1536x925.jpg 1536w, https:\/\/eradelamujer.org\/wp-content\/uploads\/2026\/01\/06.jpg 1600w\" sizes=\"auto, (max-width: 1024px) 100vw, 1024px\" \/><\/figure>\n\n\n\n<figure class=\"wp-block-image size-large\"><img loading=\"lazy\" decoding=\"async\" width=\"1024\" height=\"768\" data-id=\"421\" src=\"https:\/\/eradelamujer.org\/wp-content\/uploads\/2026\/01\/07-1024x768.jpg\" alt=\"\" class=\"wp-image-421\" srcset=\"https:\/\/eradelamujer.org\/wp-content\/uploads\/2026\/01\/07-1024x768.jpg 1024w, https:\/\/eradelamujer.org\/wp-content\/uploads\/2026\/01\/07-300x225.jpg 300w, https:\/\/eradelamujer.org\/wp-content\/uploads\/2026\/01\/07-768x576.jpg 768w, https:\/\/eradelamujer.org\/wp-content\/uploads\/2026\/01\/07-1536x1152.jpg 1536w, https:\/\/eradelamujer.org\/wp-content\/uploads\/2026\/01\/07.jpg 1600w\" sizes=\"auto, (max-width: 1024px) 100vw, 1024px\" \/><\/figure>\n\n\n\n<figure class=\"wp-block-image size-large\"><img loading=\"lazy\" decoding=\"async\" width=\"1024\" height=\"768\" data-id=\"418\" src=\"https:\/\/eradelamujer.org\/wp-content\/uploads\/2026\/01\/08-1024x768.jpg\" alt=\"\" class=\"wp-image-418\" srcset=\"https:\/\/eradelamujer.org\/wp-content\/uploads\/2026\/01\/08-1024x768.jpg 1024w, https:\/\/eradelamujer.org\/wp-content\/uploads\/2026\/01\/08-300x225.jpg 300w, https:\/\/eradelamujer.org\/wp-content\/uploads\/2026\/01\/08-768x576.jpg 768w, https:\/\/eradelamujer.org\/wp-content\/uploads\/2026\/01\/08-1536x1152.jpg 1536w, https:\/\/eradelamujer.org\/wp-content\/uploads\/2026\/01\/08.jpg 1600w\" sizes=\"auto, (max-width: 1024px) 100vw, 1024px\" \/><\/figure>\n\n\n\n<figure class=\"wp-block-image size-large\"><img loading=\"lazy\" decoding=\"async\" width=\"1024\" height=\"768\" data-id=\"423\" src=\"https:\/\/eradelamujer.org\/wp-content\/uploads\/2026\/01\/09-1024x768.jpg\" alt=\"\" class=\"wp-image-423\" srcset=\"https:\/\/eradelamujer.org\/wp-content\/uploads\/2026\/01\/09-1024x768.jpg 1024w, https:\/\/eradelamujer.org\/wp-content\/uploads\/2026\/01\/09-300x225.jpg 300w, https:\/\/eradelamujer.org\/wp-content\/uploads\/2026\/01\/09-768x576.jpg 768w, https:\/\/eradelamujer.org\/wp-content\/uploads\/2026\/01\/09-1536x1152.jpg 1536w, https:\/\/eradelamujer.org\/wp-content\/uploads\/2026\/01\/09.jpg 1600w\" sizes=\"auto, (max-width: 1024px) 100vw, 1024px\" \/><\/figure>\n\n\n\n<figure class=\"wp-block-image size-large\"><img loading=\"lazy\" decoding=\"async\" width=\"1024\" height=\"768\" data-id=\"419\" src=\"https:\/\/eradelamujer.org\/wp-content\/uploads\/2026\/01\/10-1024x768.jpg\" alt=\"\" class=\"wp-image-419\" srcset=\"https:\/\/eradelamujer.org\/wp-content\/uploads\/2026\/01\/10-1024x768.jpg 1024w, https:\/\/eradelamujer.org\/wp-content\/uploads\/2026\/01\/10-300x225.jpg 300w, https:\/\/eradelamujer.org\/wp-content\/uploads\/2026\/01\/10-768x576.jpg 768w, https:\/\/eradelamujer.org\/wp-content\/uploads\/2026\/01\/10-1536x1152.jpg 1536w, https:\/\/eradelamujer.org\/wp-content\/uploads\/2026\/01\/10.jpg 1600w\" sizes=\"auto, (max-width: 1024px) 100vw, 1024px\" \/><\/figure>\n<\/figure>\n","protected":false},"excerpt":{"rendered":"<p>El S\u00e1bado 18 de octubre, en el Cant\u00f3n de Goicoechea, Guadalupe, realizamos el \u00faltimo Taller &#8220;Conociendo y Gestionando nuestras emociones&#8221;. Agradecemos a WFWP-Jap\u00f3n por su apoyo durante este mes de octubre para realizar esta gira por diferentes comunidades de Costa Rica.<\/p>\n","protected":false},"author":1,"featured_media":0,"parent":0,"menu_order":0,"comment_status":"closed","ping_status":"closed","template":"","meta":{"_locale":"es_CR","_original_post":"https:\/\/eradelamujer.org\/?page_id=406","footnotes":""},"class_list":["post-406","page","type-page","status-publish","hentry","es-CR"],"_links":{"self":[{"href":"https:\/\/eradelamujer.org\/index.php?rest_route=\/wp\/v2\/pages\/406","targetHints":{"allow":["GET"]}}],"collection":[{"href":"https:\/\/eradelamujer.org\/index.php?rest_route=\/wp\/v2\/pages"}],"about":[{"href":"https:\/\/eradelamujer.org\/index.php?rest_route=\/wp\/v2\/types\/page"}],"author":[{"embeddable":true,"href":"https:\/\/eradelamujer.org\/index.php?rest_route=\/wp\/v2\/users\/1"}],"replies":[{"embeddable":true,"href":"https:\/\/eradelamujer.org\/index.php?rest_route=%2Fwp%2Fv2%2Fcomments&post=406"}],"version-history":[{"count":4,"href":"https:\/\/eradelamujer.org\/index.php?rest_route=\/wp\/v2\/pages\/406\/revisions"}],"predecessor-version":[{"id":594,"href":"https:\/\/eradelamujer.org\/index.php?rest_route=\/wp\/v2\/pages\/406\/revisions\/594"}],"wp:attachment":[{"href":"https:\/\/eradelamujer.org\/index.php?rest_route=%2Fwp%2Fv2%2Fmedia&parent=406"}],"curies":[{"name":"wp","href":"https:\/\/api.w.org\/{rel}","templated":true}]}}