{"id":451,"date":"2026-01-27T20:09:06","date_gmt":"2026-01-28T02:09:06","guid":{"rendered":"https:\/\/eradelamujer.org\/?page_id=451"},"modified":"2026-01-28T09:28:20","modified_gmt":"2026-01-28T15:28:20","slug":"2025-10-10-%e3%83%af%e3%83%bc%e3%82%af%e3%82%b7%e3%83%a7%e3%83%83%e3%83%97","status":"publish","type":"page","link":"https:\/\/eradelamujer.org\/?page_id=451","title":{"rendered":"2025.10.07 El Taller Alajuelita"},"content":{"rendered":"\n<p>En conjunto con la Municipalidad de Alajuelita y la cl\u00ednica privada FIMRC realizamos el Taller &#8220;Conociendo y Gestionando nuestras emociones&#8221; el martes 7 de octubre.<\/p>\n\n\n\n<p>Agradecemos a todas las entidades p\u00fablicas y privadas que en conmemoraci\u00f3n del D\u00eda de la Salud Mental, unimos esfuerzos para que este tema tan importante como la Salud Mental, sea m\u00e1s visible y se preste m\u00e1s atenci\u00f3n.<\/p>\n\n\n\n<p>Tuvimos la participaci\u00f3n del grupo organizado &#8220;Mujeres valientes&#8221;<\/p>\n\n\n\n<figure class=\"wp-block-image size-full\"><img loading=\"lazy\" decoding=\"async\" width=\"590\" height=\"443\" src=\"https:\/\/eradelamujer.org\/wp-content\/uploads\/2026\/01\/01-1.jpg\" alt=\"\" class=\"wp-image-470\" srcset=\"https:\/\/eradelamujer.org\/wp-content\/uploads\/2026\/01\/01-1.jpg 590w, https:\/\/eradelamujer.org\/wp-content\/uploads\/2026\/01\/01-1-300x225.jpg 300w\" sizes=\"auto, (max-width: 590px) 100vw, 590px\" \/><\/figure>\n\n\n\n<figure class=\"wp-block-gallery has-nested-images columns-default is-cropped wp-block-gallery-1 is-layout-flex wp-block-gallery-is-layout-flex\">\n<figure class=\"wp-block-image size-large\"><img loading=\"lazy\" decoding=\"async\" width=\"1024\" height=\"768\" data-id=\"477\" src=\"https:\/\/eradelamujer.org\/wp-content\/uploads\/2026\/01\/02-1024x768.jpg\" alt=\"\" class=\"wp-image-477\" srcset=\"https:\/\/eradelamujer.org\/wp-content\/uploads\/2026\/01\/02-1024x768.jpg 1024w, https:\/\/eradelamujer.org\/wp-content\/uploads\/2026\/01\/02-300x225.jpg 300w, https:\/\/eradelamujer.org\/wp-content\/uploads\/2026\/01\/02-768x576.jpg 768w, https:\/\/eradelamujer.org\/wp-content\/uploads\/2026\/01\/02-1536x1152.jpg 1536w, https:\/\/eradelamujer.org\/wp-content\/uploads\/2026\/01\/02.jpg 2048w\" sizes=\"auto, (max-width: 1024px) 100vw, 1024px\" \/><\/figure>\n\n\n\n<figure class=\"wp-block-image size-large\"><img loading=\"lazy\" decoding=\"async\" width=\"1024\" height=\"768\" data-id=\"478\" src=\"https:\/\/eradelamujer.org\/wp-content\/uploads\/2026\/01\/03-1024x768.jpg\" alt=\"\" class=\"wp-image-478\" srcset=\"https:\/\/eradelamujer.org\/wp-content\/uploads\/2026\/01\/03-1024x768.jpg 1024w, https:\/\/eradelamujer.org\/wp-content\/uploads\/2026\/01\/03-300x225.jpg 300w, https:\/\/eradelamujer.org\/wp-content\/uploads\/2026\/01\/03-768x576.jpg 768w, https:\/\/eradelamujer.org\/wp-content\/uploads\/2026\/01\/03-1536x1152.jpg 1536w, https:\/\/eradelamujer.org\/wp-content\/uploads\/2026\/01\/03.jpg 2048w\" sizes=\"auto, (max-width: 1024px) 100vw, 1024px\" \/><\/figure>\n\n\n\n<figure class=\"wp-block-image size-large\"><img loading=\"lazy\" decoding=\"async\" width=\"1024\" height=\"768\" data-id=\"476\" src=\"https:\/\/eradelamujer.org\/wp-content\/uploads\/2026\/01\/04-1-1024x768.jpg\" alt=\"\" class=\"wp-image-476\" srcset=\"https:\/\/eradelamujer.org\/wp-content\/uploads\/2026\/01\/04-1-1024x768.jpg 1024w, https:\/\/eradelamujer.org\/wp-content\/uploads\/2026\/01\/04-1-300x225.jpg 300w, https:\/\/eradelamujer.org\/wp-content\/uploads\/2026\/01\/04-1-768x576.jpg 768w, https:\/\/eradelamujer.org\/wp-content\/uploads\/2026\/01\/04-1-1536x1152.jpg 1536w, https:\/\/eradelamujer.org\/wp-content\/uploads\/2026\/01\/04-1.jpg 2048w\" sizes=\"auto, (max-width: 1024px) 100vw, 1024px\" \/><\/figure>\n\n\n\n<figure class=\"wp-block-image size-large\"><img loading=\"lazy\" decoding=\"async\" width=\"1024\" height=\"768\" data-id=\"479\" src=\"https:\/\/eradelamujer.org\/wp-content\/uploads\/2026\/01\/05-1-1024x768.jpg\" alt=\"\" class=\"wp-image-479\" srcset=\"https:\/\/eradelamujer.org\/wp-content\/uploads\/2026\/01\/05-1-1024x768.jpg 1024w, https:\/\/eradelamujer.org\/wp-content\/uploads\/2026\/01\/05-1-300x225.jpg 300w, https:\/\/eradelamujer.org\/wp-content\/uploads\/2026\/01\/05-1-768x576.jpg 768w, https:\/\/eradelamujer.org\/wp-content\/uploads\/2026\/01\/05-1-1536x1152.jpg 1536w, https:\/\/eradelamujer.org\/wp-content\/uploads\/2026\/01\/05-1.jpg 2048w\" sizes=\"auto, (max-width: 1024px) 100vw, 1024px\" \/><\/figure>\n\n\n\n<figure class=\"wp-block-image size-large\"><img loading=\"lazy\" decoding=\"async\" width=\"528\" height=\"960\" data-id=\"472\" src=\"https:\/\/eradelamujer.org\/wp-content\/uploads\/2026\/01\/06-2.jpg\" alt=\"\" class=\"wp-image-472\" srcset=\"https:\/\/eradelamujer.org\/wp-content\/uploads\/2026\/01\/06-2.jpg 528w, https:\/\/eradelamujer.org\/wp-content\/uploads\/2026\/01\/06-2-165x300.jpg 165w\" sizes=\"auto, (max-width: 528px) 100vw, 528px\" \/><\/figure>\n\n\n\n<figure class=\"wp-block-image size-large\"><img loading=\"lazy\" decoding=\"async\" width=\"1024\" height=\"768\" data-id=\"475\" src=\"https:\/\/eradelamujer.org\/wp-content\/uploads\/2026\/01\/07-2-1024x768.jpg\" alt=\"\" class=\"wp-image-475\" srcset=\"https:\/\/eradelamujer.org\/wp-content\/uploads\/2026\/01\/07-2-1024x768.jpg 1024w, https:\/\/eradelamujer.org\/wp-content\/uploads\/2026\/01\/07-2-300x225.jpg 300w, https:\/\/eradelamujer.org\/wp-content\/uploads\/2026\/01\/07-2-768x576.jpg 768w, https:\/\/eradelamujer.org\/wp-content\/uploads\/2026\/01\/07-2-1536x1152.jpg 1536w, https:\/\/eradelamujer.org\/wp-content\/uploads\/2026\/01\/07-2.jpg 1600w\" sizes=\"auto, (max-width: 1024px) 100vw, 1024px\" \/><\/figure>\n\n\n\n<figure class=\"wp-block-image size-large\"><img loading=\"lazy\" decoding=\"async\" width=\"768\" height=\"1024\" data-id=\"473\" src=\"https:\/\/eradelamujer.org\/wp-content\/uploads\/2026\/01\/08-2-768x1024.jpg\" alt=\"\" class=\"wp-image-473\" srcset=\"https:\/\/eradelamujer.org\/wp-content\/uploads\/2026\/01\/08-2-768x1024.jpg 768w, https:\/\/eradelamujer.org\/wp-content\/uploads\/2026\/01\/08-2-225x300.jpg 225w, https:\/\/eradelamujer.org\/wp-content\/uploads\/2026\/01\/08-2.jpg 960w\" sizes=\"auto, (max-width: 768px) 100vw, 768px\" \/><\/figure>\n\n\n\n<figure class=\"wp-block-image size-large\"><img loading=\"lazy\" decoding=\"async\" width=\"768\" height=\"1024\" data-id=\"474\" src=\"https:\/\/eradelamujer.org\/wp-content\/uploads\/2026\/01\/09-2-768x1024.jpg\" alt=\"\" class=\"wp-image-474\" srcset=\"https:\/\/eradelamujer.org\/wp-content\/uploads\/2026\/01\/09-2-768x1024.jpg 768w, https:\/\/eradelamujer.org\/wp-content\/uploads\/2026\/01\/09-2-225x300.jpg 225w, https:\/\/eradelamujer.org\/wp-content\/uploads\/2026\/01\/09-2.jpg 960w\" sizes=\"auto, (max-width: 768px) 100vw, 768px\" \/><\/figure>\n<\/figure>\n","protected":false},"excerpt":{"rendered":"<p>En conjunto con la Municipalidad de Alajuelita y la cl\u00ednica privada FIMRC realizamos el Taller &#8220;Conociendo y Gestionando nuestras emociones&#8221; el martes 7 de octubre. Agradecemos a todas las entidades p\u00fablicas y privadas que en conmemoraci\u00f3n del D\u00eda de la Salud Mental, unimos esfuerzos para que este tema tan importante como la Salud Mental, sea [&hellip;]<\/p>\n","protected":false},"author":1,"featured_media":0,"parent":0,"menu_order":0,"comment_status":"closed","ping_status":"closed","template":"","meta":{"_locale":"es_CR","_original_post":"https:\/\/eradelamujer.org\/?page_id=451","footnotes":""},"class_list":["post-451","page","type-page","status-publish","hentry","es-CR"],"_links":{"self":[{"href":"https:\/\/eradelamujer.org\/index.php?rest_route=\/wp\/v2\/pages\/451","targetHints":{"allow":["GET"]}}],"collection":[{"href":"https:\/\/eradelamujer.org\/index.php?rest_route=\/wp\/v2\/pages"}],"about":[{"href":"https:\/\/eradelamujer.org\/index.php?rest_route=\/wp\/v2\/types\/page"}],"author":[{"embeddable":true,"href":"https:\/\/eradelamujer.org\/index.php?rest_route=\/wp\/v2\/users\/1"}],"replies":[{"embeddable":true,"href":"https:\/\/eradelamujer.org\/index.php?rest_route=%2Fwp%2Fv2%2Fcomments&post=451"}],"version-history":[{"count":5,"href":"https:\/\/eradelamujer.org\/index.php?rest_route=\/wp\/v2\/pages\/451\/revisions"}],"predecessor-version":[{"id":591,"href":"https:\/\/eradelamujer.org\/index.php?rest_route=\/wp\/v2\/pages\/451\/revisions\/591"}],"wp:attachment":[{"href":"https:\/\/eradelamujer.org\/index.php?rest_route=%2Fwp%2Fv2%2Fmedia&parent=451"}],"curies":[{"name":"wp","href":"https:\/\/api.w.org\/{rel}","templated":true}]}}