{"id":498,"date":"2026-01-27T20:24:59","date_gmt":"2026-01-28T02:24:59","guid":{"rendered":"https:\/\/eradelamujer.org\/?page_id=498"},"modified":"2026-01-28T09:34:49","modified_gmt":"2026-01-28T15:34:49","slug":"2025-09-27-%e3%83%af%e3%83%bc%e3%82%af%e3%82%b7%e3%83%a7%e3%83%83%e3%83%97","status":"publish","type":"page","link":"https:\/\/eradelamujer.org\/?page_id=498","title":{"rendered":"2025.09.27 El Taller Polic\u00eda Carrasco"},"content":{"rendered":"\n<p>Este 27 de septiembre 2025, se realiz\u00f3 el taller &#8220;Mentoria, sororidad y empoderamiento&#8221; por parte del programa de mentoras polic\u00edas Pancha Carrasco, del Ministerio de Seguridad P\u00fablica, en el marco del D\u00eda Internacional de la Paz.<br>Fue un espacio muy emotivo, inspirador y de mucho aprendizaje para las mujeres de distintas partes del pa\u00eds que asistieron a la actividad.<br>&#8220;Promover la paz en el mundo potenciando las cualidades de la mujer como medio de paz en el \u00e1mbito familiar, social nacional e internacional&#8221; WFWPI<\/p>\n\n\n\n<figure class=\"wp-block-image size-full\"><img loading=\"lazy\" decoding=\"async\" width=\"590\" height=\"443\" src=\"https:\/\/eradelamujer.org\/wp-content\/uploads\/2026\/01\/001-6.jpg\" alt=\"\" class=\"wp-image-499\" srcset=\"https:\/\/eradelamujer.org\/wp-content\/uploads\/2026\/01\/001-6.jpg 590w, https:\/\/eradelamujer.org\/wp-content\/uploads\/2026\/01\/001-6-300x225.jpg 300w\" sizes=\"auto, (max-width: 590px) 100vw, 590px\" \/><\/figure>\n\n\n\n<figure class=\"wp-block-gallery has-nested-images columns-default is-cropped wp-block-gallery-1 is-layout-flex wp-block-gallery-is-layout-flex\">\n<figure class=\"wp-block-image size-large\"><img loading=\"lazy\" decoding=\"async\" width=\"590\" height=\"443\" data-id=\"500\" src=\"https:\/\/eradelamujer.org\/wp-content\/uploads\/2026\/01\/002-7.jpg\" alt=\"\" class=\"wp-image-500\" srcset=\"https:\/\/eradelamujer.org\/wp-content\/uploads\/2026\/01\/002-7.jpg 590w, https:\/\/eradelamujer.org\/wp-content\/uploads\/2026\/01\/002-7-300x225.jpg 300w\" sizes=\"auto, (max-width: 590px) 100vw, 590px\" \/><\/figure>\n\n\n\n<figure class=\"wp-block-image size-large\"><img loading=\"lazy\" decoding=\"async\" width=\"1024\" height=\"768\" data-id=\"503\" src=\"https:\/\/eradelamujer.org\/wp-content\/uploads\/2026\/01\/003-6-1024x768.jpg\" alt=\"\" class=\"wp-image-503\" srcset=\"https:\/\/eradelamujer.org\/wp-content\/uploads\/2026\/01\/003-6-1024x768.jpg 1024w, https:\/\/eradelamujer.org\/wp-content\/uploads\/2026\/01\/003-6-300x225.jpg 300w, https:\/\/eradelamujer.org\/wp-content\/uploads\/2026\/01\/003-6-768x576.jpg 768w, https:\/\/eradelamujer.org\/wp-content\/uploads\/2026\/01\/003-6-1536x1152.jpg 1536w, https:\/\/eradelamujer.org\/wp-content\/uploads\/2026\/01\/003-6.jpg 1600w\" sizes=\"auto, (max-width: 1024px) 100vw, 1024px\" \/><\/figure>\n\n\n\n<figure class=\"wp-block-image size-large\"><img loading=\"lazy\" decoding=\"async\" width=\"1024\" height=\"768\" data-id=\"505\" src=\"https:\/\/eradelamujer.org\/wp-content\/uploads\/2026\/01\/004-5-1024x768.jpg\" alt=\"\" class=\"wp-image-505\" srcset=\"https:\/\/eradelamujer.org\/wp-content\/uploads\/2026\/01\/004-5-1024x768.jpg 1024w, https:\/\/eradelamujer.org\/wp-content\/uploads\/2026\/01\/004-5-300x225.jpg 300w, https:\/\/eradelamujer.org\/wp-content\/uploads\/2026\/01\/004-5-768x576.jpg 768w, https:\/\/eradelamujer.org\/wp-content\/uploads\/2026\/01\/004-5-1536x1152.jpg 1536w, https:\/\/eradelamujer.org\/wp-content\/uploads\/2026\/01\/004-5.jpg 2048w\" sizes=\"auto, (max-width: 1024px) 100vw, 1024px\" \/><\/figure>\n\n\n\n<figure class=\"wp-block-image size-large\"><img loading=\"lazy\" decoding=\"async\" width=\"1024\" height=\"768\" data-id=\"504\" src=\"https:\/\/eradelamujer.org\/wp-content\/uploads\/2026\/01\/005-5-1024x768.jpg\" alt=\"\" class=\"wp-image-504\" srcset=\"https:\/\/eradelamujer.org\/wp-content\/uploads\/2026\/01\/005-5-1024x768.jpg 1024w, https:\/\/eradelamujer.org\/wp-content\/uploads\/2026\/01\/005-5-300x225.jpg 300w, https:\/\/eradelamujer.org\/wp-content\/uploads\/2026\/01\/005-5-768x576.jpg 768w, https:\/\/eradelamujer.org\/wp-content\/uploads\/2026\/01\/005-5-1536x1152.jpg 1536w, https:\/\/eradelamujer.org\/wp-content\/uploads\/2026\/01\/005-5.jpg 2048w\" sizes=\"auto, (max-width: 1024px) 100vw, 1024px\" \/><\/figure>\n\n\n\n<figure class=\"wp-block-image size-large\"><img loading=\"lazy\" decoding=\"async\" width=\"1024\" height=\"768\" data-id=\"501\" src=\"https:\/\/eradelamujer.org\/wp-content\/uploads\/2026\/01\/006-2-1024x768.jpg\" alt=\"\" class=\"wp-image-501\" srcset=\"https:\/\/eradelamujer.org\/wp-content\/uploads\/2026\/01\/006-2-1024x768.jpg 1024w, https:\/\/eradelamujer.org\/wp-content\/uploads\/2026\/01\/006-2-300x225.jpg 300w, https:\/\/eradelamujer.org\/wp-content\/uploads\/2026\/01\/006-2-768x576.jpg 768w, https:\/\/eradelamujer.org\/wp-content\/uploads\/2026\/01\/006-2-1536x1152.jpg 1536w, https:\/\/eradelamujer.org\/wp-content\/uploads\/2026\/01\/006-2.jpg 1600w\" sizes=\"auto, (max-width: 1024px) 100vw, 1024px\" \/><\/figure>\n\n\n\n<figure class=\"wp-block-image size-large\"><img loading=\"lazy\" decoding=\"async\" width=\"1024\" height=\"768\" data-id=\"502\" src=\"https:\/\/eradelamujer.org\/wp-content\/uploads\/2026\/01\/007-2-1024x768.jpg\" alt=\"\" class=\"wp-image-502\" srcset=\"https:\/\/eradelamujer.org\/wp-content\/uploads\/2026\/01\/007-2-1024x768.jpg 1024w, https:\/\/eradelamujer.org\/wp-content\/uploads\/2026\/01\/007-2-300x225.jpg 300w, https:\/\/eradelamujer.org\/wp-content\/uploads\/2026\/01\/007-2-768x576.jpg 768w, https:\/\/eradelamujer.org\/wp-content\/uploads\/2026\/01\/007-2-1536x1152.jpg 1536w, https:\/\/eradelamujer.org\/wp-content\/uploads\/2026\/01\/007-2.jpg 1600w\" sizes=\"auto, (max-width: 1024px) 100vw, 1024px\" \/><\/figure>\n<\/figure>\n","protected":false},"excerpt":{"rendered":"<p>Este 27 de septiembre 2025, se realiz\u00f3 el taller &#8220;Mentoria, sororidad y empoderamiento&#8221; por parte del programa de mentoras polic\u00edas Pancha Carrasco, del Ministerio de Seguridad P\u00fablica, en el marco del D\u00eda Internacional de la Paz.Fue un espacio muy emotivo, inspirador y de mucho aprendizaje para las mujeres de distintas partes del pa\u00eds que asistieron [&hellip;]<\/p>\n","protected":false},"author":1,"featured_media":0,"parent":0,"menu_order":0,"comment_status":"closed","ping_status":"closed","template":"","meta":{"_locale":"es_CR","_original_post":"https:\/\/eradelamujer.org\/?page_id=498","footnotes":""},"class_list":["post-498","page","type-page","status-publish","hentry","es-CR"],"_links":{"self":[{"href":"https:\/\/eradelamujer.org\/index.php?rest_route=\/wp\/v2\/pages\/498","targetHints":{"allow":["GET"]}}],"collection":[{"href":"https:\/\/eradelamujer.org\/index.php?rest_route=\/wp\/v2\/pages"}],"about":[{"href":"https:\/\/eradelamujer.org\/index.php?rest_route=\/wp\/v2\/types\/page"}],"author":[{"embeddable":true,"href":"https:\/\/eradelamujer.org\/index.php?rest_route=\/wp\/v2\/users\/1"}],"replies":[{"embeddable":true,"href":"https:\/\/eradelamujer.org\/index.php?rest_route=%2Fwp%2Fv2%2Fcomments&post=498"}],"version-history":[{"count":5,"href":"https:\/\/eradelamujer.org\/index.php?rest_route=\/wp\/v2\/pages\/498\/revisions"}],"predecessor-version":[{"id":585,"href":"https:\/\/eradelamujer.org\/index.php?rest_route=\/wp\/v2\/pages\/498\/revisions\/585"}],"wp:attachment":[{"href":"https:\/\/eradelamujer.org\/index.php?rest_route=%2Fwp%2Fv2%2Fmedia&parent=498"}],"curies":[{"name":"wp","href":"https:\/\/api.w.org\/{rel}","templated":true}]}}